{"id":24,"date":"2026-03-26T11:46:43","date_gmt":"2026-03-26T11:46:43","guid":{"rendered":"https:\/\/jazbury.fun\/?page_id=24"},"modified":"2026-03-26T11:46:46","modified_gmt":"2026-03-26T11:46:46","slug":"loesungen-fuer-den-buerolunch","status":"publish","type":"page","link":"https:\/\/jazbury.fun\/?page_id=24","title":{"rendered":"L\u00f6sungen f\u00fcr den b\u00fcrolunch"},"content":{"rendered":"\n<p>Der Arbeitsalltag in M\u00fcnchen kann stressig sein, weshalb eine gute Verpflegung im B\u00fcro entscheidend f\u00fcr die Leistungsf\u00e4higkeit ist. Bei jazbury haben wir spezielle Konzepte f\u00fcr Firmen in der N\u00e4he der Gerberau 13 entwickelt. Wir bieten Sammelbestellungen an, welche p\u00fcnktlich zur Mittagspause geliefert werden, ohne dass die Qualit\u00e4t unter der Menge leidet. Mein Name ist Andrey Synov und ich wei\u00df aus Erfahrung, dass ein schweres Mittagessen oft zu einem Leistungstief f\u00fchrt. Deshalb sind unsere Lunch-Optionen leicht gestaltet und sorgen f\u00fcr langanhaltende Energie ohne M\u00fcdigkeit. Wir beliefern zahlreiche Unternehmen in Moosach sowie im Gewerbegebiet Allach mit frischen Mahlzeiten.<\/p>\n\n\n\n<figure class=\"wp-block-image size-full\"><img loading=\"lazy\" decoding=\"async\" width=\"736\" height=\"981\" src=\"https:\/\/jazbury.fun\/wp-content\/uploads\/2026\/03\/L0f28eG.jpg\" alt=\"\" class=\"wp-image-25\" srcset=\"https:\/\/jazbury.fun\/wp-content\/uploads\/2026\/03\/L0f28eG.jpg 736w, https:\/\/jazbury.fun\/wp-content\/uploads\/2026\/03\/L0f28eG-225x300.jpg 225w\" sizes=\"auto, (max-width: 736px) 100vw, 736px\" \/><\/figure>\n\n\n\n<p>Unsere Vorteile f\u00fcr Firmenkunden sind vielf\u00e4ltig:<\/p>\n\n\n\n<ul class=\"wp-block-list\">\n<li>Individuelle Rechnungsstellung f\u00fcr jedes Unternehmen<\/li>\n\n\n\n<li>P\u00fcnktliche lieferung zu fest vereinbarten zeiten<\/li>\n\n\n\n<li>Abwechslungsreiche wochenkarten f\u00fcr t\u00e4glichen genuss<\/li>\n\n\n\n<li>Ber\u00fccksichtigung von vegetarischen sowie veganen w\u00fcnschen<\/li>\n\n\n\n<li>Nachhaltige verpackungskonzepte zur m\u00fcllvermeidung<\/li>\n<\/ul>\n\n\n\n<p>Wir bei jazbury legen Wert darauf, dass die Bestellung f\u00fcr Sie so einfach wie m\u00f6glich ist. \u00dcber unser Online-Portal k\u00f6nnen Sie mit wenigen Klicks f\u00fcr das ganze Team ordern. Wir bieten zudem spezielle Catering-Optionen f\u00fcr Meetings oder kleine Firmenfeiern an. In M\u00fcnchen gibt es viele M\u00f6glichkeiten zu essen, aber jazbury bietet Ihnen die Sicherheit einer hausgemachten Qualit\u00e4t direkt am Arbeitsplatz. Lassen Sie den faden Geschmack der Kantine hinter sich und g\u00f6nnen Sie sich sowie Ihren Mitarbeitern eine Mahlzeit, welche wirklich wertgesch\u00e4tzt wird. Kontaktieren Sie uns f\u00fcr ein individuelles Angebot oder probieren Sie heute unseren beliebten Business Lunch aus.<\/p>\n","protected":false},"excerpt":{"rendered":"<p>Der Arbeitsalltag in M\u00fcnchen kann stressig sein, weshalb eine gute Verpflegung im B\u00fcro entscheidend f\u00fcr die Leistungsf\u00e4higkeit ist. Bei jazbury haben wir spezielle Konzepte f\u00fcr Firmen in der N\u00e4he der Gerberau 13 entwickelt. Wir bieten Sammelbestellungen an, welche p\u00fcnktlich zur Mittagspause geliefert werden, ohne dass die Qualit\u00e4t unter der Menge leidet. Mein Name ist Andrey [&hellip;]<\/p>\n","protected":false},"author":1,"featured_media":0,"parent":0,"menu_order":5,"comment_status":"closed","ping_status":"closed","template":"","meta":{"footnotes":""},"class_list":["post-24","page","type-page","status-publish","hentry"],"_links":{"self":[{"href":"https:\/\/jazbury.fun\/index.php?rest_route=\/wp\/v2\/pages\/24","targetHints":{"allow":["GET"]}}],"collection":[{"href":"https:\/\/jazbury.fun\/index.php?rest_route=\/wp\/v2\/pages"}],"about":[{"href":"https:\/\/jazbury.fun\/index.php?rest_route=\/wp\/v2\/types\/page"}],"author":[{"embeddable":true,"href":"https:\/\/jazbury.fun\/index.php?rest_route=\/wp\/v2\/users\/1"}],"replies":[{"embeddable":true,"href":"https:\/\/jazbury.fun\/index.php?rest_route=%2Fwp%2Fv2%2Fcomments&post=24"}],"version-history":[{"count":1,"href":"https:\/\/jazbury.fun\/index.php?rest_route=\/wp\/v2\/pages\/24\/revisions"}],"predecessor-version":[{"id":26,"href":"https:\/\/jazbury.fun\/index.php?rest_route=\/wp\/v2\/pages\/24\/revisions\/26"}],"wp:attachment":[{"href":"https:\/\/jazbury.fun\/index.php?rest_route=%2Fwp%2Fv2%2Fmedia&parent=24"}],"curies":[{"name":"wp","href":"https:\/\/api.w.org\/{rel}","templated":true}]}}